{"id":32,"date":"2016-08-02T22:51:04","date_gmt":"2016-08-02T20:51:04","guid":{"rendered":"http:\/\/www.kinder-lernen-leben-retten.at\/?page_id=32"},"modified":"2016-09-21T10:23:03","modified_gmt":"2016-09-21T08:23:03","slug":"internationale-projekte","status":"publish","type":"page","link":"https:\/\/www.kinder-lernen-leben-retten.at\/?page_id=32","title":{"rendered":"Internationales rund um &#8222;KIDS SAVE LIVES&#8220;"},"content":{"rendered":"<p>&nbsp;<\/p>\n<p><a href=\"http:\/\/www.ircouncil.it\/progettoscuola\/kidssavelives\">Einf\u00fchrung der gesetzlichen Verpflichtung f\u00fcr Wiederbelebungsunterricht in italienischen Schulen im Herbst 2015<\/a><\/p>\n<p><a href=\"http:\/\/www.kinder-lernen-leben-retten.at\/wp-content\/uploads\/2016\/08\/Konzept-Schulen-BRD.pdf\" target=\"_blank\">Konzept f\u00fcr Wiederbelebungsunterricht an deutschen Schulen<\/a><\/p>\n","protected":false},"excerpt":{"rendered":"<p>&nbsp; Einf\u00fchrung der gesetzlichen Verpflichtung f\u00fcr Wiederbelebungsunterricht in italienischen Schulen im Herbst 2015 Konzept f\u00fcr Wiederbelebungsunterricht an deutschen Schulen<\/p>\n","protected":false},"author":1,"featured_media":0,"parent":0,"menu_order":0,"comment_status":"closed","ping_status":"closed","template":"","meta":{"amp_status":""},"_links":{"self":[{"href":"https:\/\/www.kinder-lernen-leben-retten.at\/index.php?rest_route=\/wp\/v2\/pages\/32"}],"collection":[{"href":"https:\/\/www.kinder-lernen-leben-retten.at\/index.php?rest_route=\/wp\/v2\/pages"}],"about":[{"href":"https:\/\/www.kinder-lernen-leben-retten.at\/index.php?rest_route=\/wp\/v2\/types\/page"}],"author":[{"embeddable":true,"href":"https:\/\/www.kinder-lernen-leben-retten.at\/index.php?rest_route=\/wp\/v2\/users\/1"}],"replies":[{"embeddable":true,"href":"https:\/\/www.kinder-lernen-leben-retten.at\/index.php?rest_route=%2Fwp%2Fv2%2Fcomments&post=32"}],"version-history":[{"count":8,"href":"https:\/\/www.kinder-lernen-leben-retten.at\/index.php?rest_route=\/wp\/v2\/pages\/32\/revisions"}],"predecessor-version":[{"id":292,"href":"https:\/\/www.kinder-lernen-leben-retten.at\/index.php?rest_route=\/wp\/v2\/pages\/32\/revisions\/292"}],"wp:attachment":[{"href":"https:\/\/www.kinder-lernen-leben-retten.at\/index.php?rest_route=%2Fwp%2Fv2%2Fmedia&parent=32"}],"curies":[{"name":"wp","href":"https:\/\/api.w.org\/{rel}","templated":true}]}}