{"id":53,"date":"2016-08-02T23:32:48","date_gmt":"2016-08-02T21:32:48","guid":{"rendered":"http:\/\/www.kinder-lernen-leben-retten.at\/?page_id=53"},"modified":"2019-06-20T07:52:57","modified_gmt":"2019-06-20T05:52:57","slug":"mitmachen","status":"publish","type":"page","link":"https:\/\/www.kinder-lernen-leben-retten.at\/?page_id=53","title":{"rendered":"Mitmachen: &#8222;Unsere Schule ist mit dabei&#8220;"},"content":{"rendered":"<h2 style=\"text-align: center;\"><span style=\"color: #000000;\"><strong>Mitarbeit im Projekt<\/strong><\/span><\/h2>\n<h2 style=\"text-align: center;\"><span style=\"color: #ff0000;\"><strong>&#8222;RETTEN MACHT SCHULE&#8220;<\/strong><\/span><\/h2>\n<h2 style=\"text-align: center;\"><\/h2>\n<h3 style=\"text-align: center;\"><span style=\"color: #3366ff;\"><a style=\"color: #3366ff;\" href=\"http:\/\/www.kinder-lernen-leben-retten.at\/wp-content\/uploads\/2018\/06\/Projektvideo-06-18-klein.mov\" target=\"_blank\" rel=\"noopener noreferrer\">Infofilm<\/a><\/span><\/h3>\n<p><!--more--><\/p>\n<h3>Mail: <a href=\"mailto:retten-macht-schule@st.roteskreuz.at\">retten-macht-schule@st.roteskreuz.at<\/a><del><\/del><\/h3>\n<h3>Tel.: \u00a0<span style=\"color: #0000ff;\">+43\/50\/144 5-10115<\/span><\/h3>\n<p>oder Sie lesen erst einmal hier weiter:<\/p>\n<h3 style=\"text-align: justify;\"><strong><span style=\"color: #000080;\">Grundgedanken:<\/span><\/strong><\/h3>\n<p style=\"text-align: justify;\"><strong>P\u00e4dagogInnen, Sanit\u00e4terInnen, medizinisches Personal, \u00c4rzte\/-Innen<\/strong> haben Wiederbelebung\u00a0erlernt und m\u00fcssen diese Kenntnisse auch regelm\u00e4\u00dfig auffrischen.<\/p>\n<p style=\"text-align: center;\"><span style=\"color: #ff0000;\">Es ist nur ein kleiner Schritt, die einfachsten Ma\u00dfnahmen daraus, <\/span><\/p>\n<p style=\"text-align: center;\"><span style=\"color: #ff0000;\">n\u00e4mlich das <strong>RUFEN-DR\u00dcCKEN-SCHOCKEN<\/strong> auch an Andere weiterzugeben.<\/span><\/p>\n<p style=\"text-align: justify;\">Wir stellen mit unseren Aktivit\u00e4ten eine sowohl medizinisch wissenschaftlich, wie p\u00e4dagogisch, entwicklungspsychologisch wie fachdidaktisch evaluierte und auf Basis der derzeit g\u00fcltigen internationalen Empfehlungen zur Wiederbelebung fu\u00dfende Sensibiliserung von <strong>Kindern ab der 3. Schulstufe<\/strong> f\u00fcr das Thema &#8222;Wiederbelebung&#8220; und damit auch eine zeitgem\u00e4\u00dfe\u00a0<span style=\"text-decoration: underline;\">Erg\u00e4nzung<\/span> zu bestehenden Erste-Hilfe-Programmen (z.B. <a href=\"http:\/\/www.jugendrotkreuz.at\/oesterreich\/angebote\/erste-hilfe\/helfi-hilft-dir-helfen\/unterrichtsmaterialien\/\" target=\"_blank\" rel=\"noopener noreferrer\">&#8222;Helfi&#8220;<\/a> des \u00d6sterreichischen Jugendrotkreuzes \u00d6JRK in Volksschulen, Erste-Hilfe-Kurse in AHS,NMS) dar. Auf diesem Weg soll durch j\u00e4hrlich wiederkehrenden Unterricht im Ausma\u00df von lediglich 2-4 Stunden\/Jahr\u00a0<strong>Wiederbelebung als &#8222;Kulturgut&#8220;\u00a0<\/strong>in unserer Gesellschaft eingef\u00fchrt werden.<\/p>\n<h3><strong><span style=\"color: #000080;\">LehrerInnen, SchuldirektorInnen <span style=\"color: #ff0000;\">(vorerst noch und nur\u00a0in der Steiermark!) **<\/span><\/span><\/strong><\/h3>\n<p>die dieses Projekt in ihrer Schule einf\u00fchren wollen, sollten bereit sein, sich an der <a href=\"https:\/\/www.phst.at\/schnellzugriff\/aktuelles\/detailinformation-zur-nachrichten\/article\/kinder-lernen-leben-retten\/\" target=\"_blank\" rel=\"noopener noreferrer\">P\u00e4dagogischen Hochschule Steiermark<\/a> in nur 4 Fortbildungsstunden zum Thema fortbilden zu lassen (<a href=\"http:\/\/www.kinder-lernen-leben-retten.at\/?page_id=55\" target=\"_blank\" rel=\"noopener noreferrer\"><span style=\"color: #3366ff;\">aktuelle Termine und Anmeldung finden Sie hier<\/span><\/a>).<\/p>\n<p>Im Rahmen dieser Fortbildungen erfahren Sie auch, wie Sie konkret mit weiterer Unterst\u00fctzung seitens des \u00d6sterreichischen Roten Kreuzes-Landesverband Stmk. an Ihrer Schule selbst dieses Projekt durchf\u00fchren k\u00f6nnen.<\/p>\n<p><span style=\"color: #ff0000;\">Sollten Sie diese Voraussetzung derzeit noch nicht erf\u00fcllen, nehmen Sie bitte dennoch mit uns Kontakt auf, auch in diesem Fall werden wir f\u00fcr Sie eine \u00fcberbr\u00fcckende L\u00f6sung finden.<\/span><\/p>\n<h3 style=\"text-align: justify;\"><strong><span style=\"color: #000080;\">Wer sonst kann wie t\u00e4tig werden:<\/span><\/strong><\/h3>\n<p style=\"text-align: left;\"><span style=\"color: #000000;\">Generell interessierte Menschen, die in ihrem unmittelbaren Wohn-, Lebens-, Arbeitsumfeld &#8211; dort wo man \u00fcbrigens auch\u00a0selbst samt\u00a0seinen\u00a0Angeh\u00f6rigen zum potentiellen Kreis der Betroffenen geh\u00f6rt &#8211; \u00a0ein Weitertragen unseres Projektes gew\u00e4hrleisten \u00a0oder an der Schule ihrer Kinder o.\u00e4. initiieren m\u00f6chten.<\/span><\/p>\n<h3 style=\"text-align: justify;\">\u00a0<strong><span style=\"color: #000080;\">Wie kann ich ein Projekt in meiner Heimatgemeinde, Schule initiieren:<\/span><\/strong><\/h3>\n<p style=\"text-align: justify;\">Sprechen Sie \u00a0&#8211; vor allem wenn Sie diese pers\u00f6nlich kennen &#8211; Ihre SchuldirektorInnen, LehrerInnen, B\u00fcrgermeisterInnen und Gemeinder\u00e4te an, erkl\u00e4ren Sie ihnen, worum es geht, und dass ALLE Menschen in ihrem Umfeld, auch sie selbst, gleicherma\u00dfen davon betroffen sein k\u00f6nnen. Versuchen Sie, ihnen die Dimension der Thematik zu erkl\u00e4ren (470 Verkehrsunfalltote j\u00e4hrlich in \u00d6sterreich, 10.000 Tote mit akutem Herzstillstand, weitere Infos finden sich auf den Seiten dieser Webseite).<\/p>\n<p style=\"text-align: justify;\">\u00a0Sprechen Sie die Mediziner, die Menschen von denen Sie wissen, dass sie im Gesundheitsbereich arbeiten an, bitten Sie sie um ihre Mithilfe und \u00fcberzeugen Sie diese, dass Sie das Projekt<\/p>\n<h3 style=\"text-align: center;\"><strong><span style=\"color: #ff0000;\">&#8222;Retten macht Schule&#8220;<\/span>\u00a0<\/strong><\/h3>\n<p>auch gerne in Ihrer Gemeinde\/Eurer Schule umgesetzt sehen m\u00f6chten.<\/p>\n<h3><strong><span style=\"color: #000080;\">Wir helfen Ihnen und unterst\u00fctzen Sie:\u00a0<\/span><\/strong><\/h3>\n<p>mit<\/p>\n<p><strong><span style=\"color: #000080;\">Lehr- und Lernunterlagen<\/span><\/strong><\/p>\n<p><strong><span style=\"color: #000080;\">LehrerInnen-Fortbildungen \u00a0<\/span><\/strong>(in Kooperation mit der P\u00e4dagogischen Hochschule Stmk. mit Curriculum, Lehr- und Lernmaterialien im Moodlebereich der PH-St. f\u00fcr TeilnehmerInnen) <span style=\"color: #3366ff;\"><a style=\"color: #3366ff;\" href=\"http:\/\/www.kinder-lernen-leben-retten.at\/?page_id=55\" target=\"_blank\" rel=\"noopener noreferrer\">aktuelle Termine finden Sie hier<\/a><\/span><\/p>\n<p><strong><span style=\"color: #000080;\">Materialpaketen<span style=\"color: #ff0000;\">*<\/span><\/span><\/strong>\u00a0(\u00dcbungspuppen, Defiattrappen, Trainings-Defis; wenn erw\u00fcnscht auch T-Shirt-Entw\u00fcrfe, Folder, Urkunden, Baseballkappen etc.)\u00a0<img loading=\"lazy\" class=\"size-medium wp-image-196 aligncenter\" src=\"http:\/\/www.kinder-lernen-leben-retten.at\/wp-content\/uploads\/2016\/08\/T-Shirt-Entwurf-300x248.jpg\" alt=\"T-Shirt-Entwurf\" width=\"300\" height=\"248\" srcset=\"https:\/\/www.kinder-lernen-leben-retten.at\/wp-content\/uploads\/2016\/08\/T-Shirt-Entwurf-300x248.jpg 300w, https:\/\/www.kinder-lernen-leben-retten.at\/wp-content\/uploads\/2016\/08\/T-Shirt-Entwurf.jpg 652w\" sizes=\"(max-width: 300px) 100vw, 300px\" \/><img loading=\"lazy\" class=\"size-medium wp-image-194 aligncenter\" src=\"http:\/\/www.kinder-lernen-leben-retten.at\/wp-content\/uploads\/2016\/08\/MiniAnn-Haufen-300x197.jpg\" alt=\"MiniAnn Haufen\" width=\"300\" height=\"197\" srcset=\"https:\/\/www.kinder-lernen-leben-retten.at\/wp-content\/uploads\/2016\/08\/MiniAnn-Haufen-300x197.jpg 300w, https:\/\/www.kinder-lernen-leben-retten.at\/wp-content\/uploads\/2016\/08\/MiniAnn-Haufen-768x504.jpg 768w, https:\/\/www.kinder-lernen-leben-retten.at\/wp-content\/uploads\/2016\/08\/MiniAnn-Haufen.jpg 800w\" sizes=\"(max-width: 300px) 100vw, 300px\" \/><\/p>\n<p><span style=\"color: #000080;\"><strong>AssistentInnen\u00a0<\/strong><span style=\"color: #000000;\"> vom \u00d6sterreichischen Roten Kreuz Landesverband Stmk. zur Unterst\u00fctzung in der Durchf\u00fchrung des Projektunterrichts an Ihrer Schule<\/span><\/span><\/p>\n<p><span style=\"color: #000080;\"><strong>Kontakten<\/strong>\u00a0<span style=\"color: #000000;\">(wir bringen Sie zusammen, vermitteln Kontakte zu Medien, pr\u00e4sentieren Sie auf Facebook und in unserem Projektblog)<\/span><\/span><\/p>\n<p><strong><span style=\"color: #000080;\">Gemeinsamen Aktionen<\/span><\/strong> (so gew\u00fcnscht und gemeinsam organisierbar)<\/p>\n<p style=\"text-align: center;\"><img loading=\"lazy\" class=\"wp-image-192 aligncenter\" src=\"http:\/\/www.kinder-lernen-leben-retten.at\/wp-content\/uploads\/2016\/08\/Weltrekord_Muenster_EinLebenRetten_Q4B1378-300x200.jpg\" alt=\"Weltrekord_Muenster_EinLebenRetten_Q4B1378\" width=\"435\" height=\"290\" srcset=\"https:\/\/www.kinder-lernen-leben-retten.at\/wp-content\/uploads\/2016\/08\/Weltrekord_Muenster_EinLebenRetten_Q4B1378-300x200.jpg 300w, https:\/\/www.kinder-lernen-leben-retten.at\/wp-content\/uploads\/2016\/08\/Weltrekord_Muenster_EinLebenRetten_Q4B1378.jpg 564w\" sizes=\"(max-width: 435px) 100vw, 435px\" \/>\u00a0<img loading=\"lazy\" class=\"alignnone wp-image-193\" src=\"http:\/\/www.kinder-lernen-leben-retten.at\/wp-content\/uploads\/2016\/08\/Weltrekord_Muenster2_EinLebenRetten_Q4B1278-300x200.jpg\" alt=\"Weltrekord_Muenster2_EinLebenRetten_Q4B1278\" width=\"425\" height=\"283\" srcset=\"https:\/\/www.kinder-lernen-leben-retten.at\/wp-content\/uploads\/2016\/08\/Weltrekord_Muenster2_EinLebenRetten_Q4B1278-300x200.jpg 300w, https:\/\/www.kinder-lernen-leben-retten.at\/wp-content\/uploads\/2016\/08\/Weltrekord_Muenster2_EinLebenRetten_Q4B1278.jpg 564w\" sizes=\"(max-width: 425px) 100vw, 425px\" \/><\/p>\n<p><span style=\"color: #ff0000;\"><strong>* <\/strong>Verleih von entsprechenden Materialen wie \u00dcbungspuppen und \u00dcbungsdefis <strong>prim\u00e4r f\u00fcr Schulen mit darin ausgebildeten LehrerInnen <\/strong>nach Ma\u00dfgabe der M\u00f6glichkeiten.\u00a0<\/span><\/p>\n<p><span style=\"color: #ff0000;\">Wir k\u00f6nnen Sie aber auch unterst\u00fctzen, wenn Sie die erforderlichen Unterrichtsmaterialien \u00fcber Ihr Schulbudget, Elternverein, Gemeinde, lokales Sponsoring etc. zu Ihrer eigenen freien Verf\u00fcgbarkeit und um unabh\u00e4ngig zu sein, selbst anschaffen m\u00f6chten.<\/span><\/p>\n<p><span style=\"color: #ff0000;\">Weiterf\u00fchrende Materialien wie T-Shirts, Baseballkappen etc. m\u00fcssen von Ihnen &#8211; so erw\u00fcnscht &#8211; derzeit selbst finanziert werden, wir k\u00f6nnen Ihnen aber selbstverst\u00e4ndlich mit Druckvorlagen und Kontakten weiterhelfen, Schul- und Sponsorlogo-Aufdruck inbegriffen.<\/span><\/p>\n<p>** P\u00e4dagogInnen aus Schulen anderer Bundesl\u00e4nder versuchen wir durch Zur-Verf\u00fcgung-stellen von Info- bzw. Schulungsmaterial bzw. Herstellen von Kontakten, weiterzuhelfen.<\/p>\n<p>Kontaktieren Sie Ihre lokale, bzw. Landesorganisation des \u00d6(J)RK und bitten Sie diese um Unterst\u00fctzung bei der Durchf\u00fchrung Ihres Projektes.<\/p>\n<h3><\/h3>\n<p style=\"text-align: center;\">\n","protected":false},"excerpt":{"rendered":"<p>Mitarbeit im Projekt &#8222;RETTEN MACHT SCHULE&#8220; Infofilm<\/p>\n","protected":false},"author":1,"featured_media":0,"parent":0,"menu_order":0,"comment_status":"closed","ping_status":"closed","template":"template-fullwidth.php","meta":{"amp_status":""},"_links":{"self":[{"href":"https:\/\/www.kinder-lernen-leben-retten.at\/index.php?rest_route=\/wp\/v2\/pages\/53"}],"collection":[{"href":"https:\/\/www.kinder-lernen-leben-retten.at\/index.php?rest_route=\/wp\/v2\/pages"}],"about":[{"href":"https:\/\/www.kinder-lernen-leben-retten.at\/index.php?rest_route=\/wp\/v2\/types\/page"}],"author":[{"embeddable":true,"href":"https:\/\/www.kinder-lernen-leben-retten.at\/index.php?rest_route=\/wp\/v2\/users\/1"}],"replies":[{"embeddable":true,"href":"https:\/\/www.kinder-lernen-leben-retten.at\/index.php?rest_route=%2Fwp%2Fv2%2Fcomments&post=53"}],"version-history":[{"count":42,"href":"https:\/\/www.kinder-lernen-leben-retten.at\/index.php?rest_route=\/wp\/v2\/pages\/53\/revisions"}],"predecessor-version":[{"id":884,"href":"https:\/\/www.kinder-lernen-leben-retten.at\/index.php?rest_route=\/wp\/v2\/pages\/53\/revisions\/884"}],"wp:attachment":[{"href":"https:\/\/www.kinder-lernen-leben-retten.at\/index.php?rest_route=%2Fwp%2Fv2%2Fmedia&parent=53"}],"curies":[{"name":"wp","href":"https:\/\/api.w.org\/{rel}","templated":true}]}}